{"id":593,"date":"2021-11-07T09:11:38","date_gmt":"2021-11-07T09:11:38","guid":{"rendered":"https:\/\/kanzlei-luke.de\/?page_id=593"},"modified":"2023-10-12T16:54:44","modified_gmt":"2023-10-12T16:54:44","slug":"impressum","status":"publish","type":"page","link":"https:\/\/kanzlei-luke.de\/?page_id=593","title":{"rendered":"Impressum"},"content":{"rendered":"<div data-colibri-id=\"593-c1\" class=\"style-456 style-local-593-c1 position-relative\">\n  <!---->\n  <div data-colibri-component=\"section\" data-colibri-id=\"593-c2\" id=\"impressum\" class=\"h-section h-section-global-spacing d-flex align-items-lg-center align-items-md-center align-items-center style-483 style-local-593-c2 position-relative\">\n    <!---->\n    <!---->\n    <div class=\"h-section-grid-container h-section-boxed-container\">\n      <!---->\n      <div data-colibri-id=\"593-c3\" class=\"h-row-container gutters-row-lg-2 gutters-row-md-2 gutters-row-0 gutters-row-v-lg-2 gutters-row-v-md-2 gutters-row-v-2 style-488 style-local-593-c3 position-relative\">\n        <!---->\n        <div class=\"h-row justify-content-lg-center justify-content-md-center justify-content-center align-items-lg-stretch align-items-md-stretch align-items-stretch gutters-col-lg-2 gutters-col-md-2 gutters-col-0 gutters-col-v-lg-2 gutters-col-v-md-2 gutters-col-v-2\">\n          <!---->\n          <div class=\"h-column h-column-container d-flex h-col-lg-auto h-col-md-auto h-col-auto style-489-outer style-local-593-c4-outer\">\n            <div data-colibri-id=\"593-c4\" class=\"d-flex h-flex-basis h-column__inner h-px-lg-2 h-px-md-2 h-px-2 v-inner-lg-2 v-inner-md-2 v-inner-2 style-489 style-local-593-c4 position-relative\">\n              <!---->\n              <!---->\n              <div class=\"w-100 h-y-container h-column__content h-column__v-align flex-basis-100 align-self-lg-start align-self-md-start align-self-start\">\n                <!---->\n                <div data-colibri-id=\"593-c5\" class=\"h-global-transition-all h-heading style-490 style-local-593-c5 position-relative h-element\">\n                  <!---->\n                  <div class=\"h-heading__outer style-490 style-local-593-c5\">\n                    <!---->\n                    <!---->\n                    <h2 class=\"\">Impressum<\/h2>\n                  <\/div>\n                <\/div>\n              <\/div>\n            <\/div>\n          <\/div>\n        <\/div>\n      <\/div>\n      <div data-colibri-id=\"593-c6\" class=\"h-row-container gutters-row-lg-2 gutters-row-md-2 gutters-row-0 gutters-row-v-lg-2 gutters-row-v-md-2 gutters-row-v-2 style-484 style-local-593-c6 position-relative\">\n        <!---->\n        <div class=\"h-row justify-content-lg-center justify-content-md-center justify-content-center align-items-lg-stretch align-items-md-stretch align-items-stretch gutters-col-lg-2 gutters-col-md-2 gutters-col-0 gutters-col-v-lg-2 gutters-col-v-md-2 gutters-col-v-2\">\n          <!---->\n          <div class=\"h-column h-column-container d-flex h-col-lg-auto h-col-md-auto h-col-auto style-485-outer style-local-593-c7-outer\">\n            <div data-colibri-id=\"593-c7\" class=\"d-flex h-flex-basis h-column__inner h-px-lg-2 h-px-md-2 h-px-2 v-inner-lg-2 v-inner-md-2 v-inner-2 style-485 style-local-593-c7 position-relative\">\n              <!---->\n              <!---->\n              <div class=\"w-100 h-y-container h-column__content h-column__v-align flex-basis-100 align-self-lg-start align-self-md-start align-self-start\">\n                <!---->\n                <div data-colibri-id=\"593-c8\" class=\"h-lead h-text h-text-component style-486 style-local-593-c8 position-relative h-element\">\n                  <!---->\n                  <!---->\n                  <div class=\"\">\n                    <p>Kanzlei LUKE\n                      <br>Haferkornstra\u00dfe 46\n                      <br>04129 Leipzig\n                      <br>Telefon: +49 341 49 25 54 70\n                      <br>E-Mail: office@kanzlei-luke.de\n                      <br>\n                      <br>Verantwortlich f\u00fcr die Inhalte dieser Internetpr\u00e4senz: Rechtsanwalt Dr. Jaochim Luke\n                      <br>\n                      <br>Verantwortlich f\u00fcr Weblayout: Nadin Jordan-Luke\n                      <br>\n                      <br>Bilder:\n                      <br>Maurice Lohrke| www.iamslenium.com\n                      <br>AdobeStock lizensiert\n                      <br>\n                      <br>Mitglied der Anwaltsoziet\u00e4t: Dr. Joachim Luke, Rechtsanwalt\n                      <br>\n                      <br>Berufsbezeichnung:\n                      <br>Die berufsbezeichnung &#8222;Rechtsanwalt&#8220; wurde in der Bundesrepubli Deutschland gem\u00e4\u00df \u00a7 8 BRAO von der s\u00e4chsischen Landesjustizverwaltung \u00fcber deei Rechtsanwaltskammer Sachsen, Glacisstra\u00dfe 6, 01099 Dresden, verliehen.\n                      <br>\n                      <br>Alle in der Kanzlei t\u00e4tigen Berufstr\u00e4ger sind deutsche Rechtsanw\u00e4lte und Mitglieder der Rechtsanwaltskammer Sachsen.\n                      <br>\n                      <br>Berufsordnungen und Standesvorschriften:\n                      <br>Der Berufst\u00e4tigkeit liegt die\n                      <br>Berufsordnung der Rechtsanw\u00e4lte (BORA),\n                      <br>Fachanwaltsordnung (FAO),\n                      <br>Bundesrechtsanwaltsordnung (BRAO),\n                      <br>Bundesgeb\u00fchrenordnung (BRAGO),\n                      <br>das Rechtsanwaltsverg\u00fctungsgesetz (RVG),\n                      <br>die Berufsregeln der Rechtsanw\u00e4lte der Europ\u00e4ischen Union (CCBE),\n                      <br>die Berufsregeln der Rechtsanw\u00e4lte der Europ\u00e4ischen Gemeinschaft,\n                      <br>und das Gesetz \u00fcber die T\u00e4tigkeit europ\u00e4ischer Rechtsanw\u00e4lte in Deutschland zu Grunde.\n                      <br>\n                      <br>Zum Volltext der oben genannten Gesetze gelangen Sie \u00fcber www.bundesrecht.juris.de und \u00fcber www.brak.de.\n                      <br>\n                      <br>Die Wahrnehmung widerstreitender Interessen ist rechtsanw\u00e4lten aufgrund berufsrechtlciher Regelungen untersagt (\u00a7 43a Abs. 4 BRAO). Vor Annahme eines Mandates wird deshalb immer gepr\u00fcft, ob ein Interessenkonflikt vorliegt.\n                      <br>\n                      <br>Berufshaftpflichtversicherung:\n                      <br>Generali Versicherung AG, Adenauerring 7-9, 81737 M\u00fcnchen, vertreten durch die AFB GmbH, Kaistr. 13, 40221 D\u00fcsseldorf.\n                      <br>Geltungsbereich: Europaweit f\u00fcr Kanzleien und B\u00fcros, die in der Bundesrepublik Deutschland eingerichtet sind oder unterhalten werden.\n                      <br>\n                      <br>Uhrhebervermerk:\n                      <br>S\u00e4mtliche Werke und Bestandteile dieser Internetpr\u00e4senz sind urheberrechtlich gesch\u00fctzt.\n                      <br>\n                      <br>Haftung:\n                      <br>Auf die Inhalte externer INternetseiten kann unsere Kanzlei keinen Einfluss nehmen. Trotz sorgf\u00e4ltiger inhaltlicher Kontrolle \u00fcbernehmen wir daher keine Haftung f\u00fcr die Inhalte externer Links. F\u00fcr den Inhalt verlinkter Seiten sind\n                      ausschlie\u00dflich deren Betreiber verantwortlich.\n                      <br>\n                      <br>Wir nehmen den Shcutz Ihrer pers\u00f6nlichen Daten sehr ernst und halten uns strikt an die Regeln der Datenschutzgesetze. Personenbezpgene Daten werden auf dieser Webseite nur im technischen notwendigen Umfang erhoben. In keinem Fall\n                      werden die erhobenen Daten verkauft oder aus anderen Gr\u00fcnden an Dritte weitergegeben.\n                      <br>\n                      <br>Die nachfolgende Erkl\u00e4rung gibt Ihnen eine \u00dcberblick dar\u00fcber, wie wir diesen Schutz gew\u00e4hrleisten und welche Art von Daten zu welchem Zweck erhoben werden.\n                      <br>\n                    <\/p>\n                    <p><strong style=\"font-size: 12pt; font-family: &quot;Times New Roman&quot;, serif; color: rgb(51, 51, 51);\">1. Datenverarbeitung auf dieser Internetseite<\/strong><span style=\"font-size: 12pt; font-family: &quot;Times New Roman&quot;, serif;\"> <\/span>\n                      <span\n                        style=\"font-size: 12pt; font-family: &quot;Times New Roman&quot;, serif; color: rgb(51, 51, 51);\">Unsere Kanzlei erhebt und speichert automatisch in ihren Server Log Files Informationen, die Ihr Browser an uns \u00fcbermittelt. Dies sind:<\/span><span style=\"font-size: 12pt; font-family: &quot;Times New Roman&quot;, serif;\"> <\/span>\n                        <span\n                          style=\"font-size: 12pt; font-family: &quot;Times New Roman&quot;, serif; color: rgb(51, 51, 51);\">\u2013 Browsertyp\/ -version<\/span><span style=\"font-size: 12pt; font-family: &quot;Times New Roman&quot;, serif;\"> <\/span><span style=\"font-size: 12pt; font-family: &quot;Times New Roman&quot;, serif; color: rgb(51, 51, 51);\">\u2013 verwendetes Betriebssystem<\/span>\n                          <span\n                            style=\"font-size: 12pt; font-family: &quot;Times New Roman&quot;, serif;\"> <\/span><span style=\"font-size: 12pt; font-family: &quot;Times New Roman&quot;, serif; color: rgb(51, 51, 51);\">\u2013 Referrer URL (die zuvor besuchte Seite)<\/span><span style=\"font-size: 12pt; font-family: &quot;Times New Roman&quot;, serif;\"> <\/span>\n                            <span\n                              style=\"font-size: 12pt; font-family: &quot;Times New Roman&quot;, serif; color: rgb(51, 51, 51);\">\u2013 Hostname des zugreifenden Rechners (IP Adresse)<\/span><span style=\"font-size: 12pt; font-family: &quot;Times New Roman&quot;, serif;\"> <\/span><span style=\"font-size: 12pt; font-family: &quot;Times New Roman&quot;, serif; color: rgb(51, 51, 51);\">\u2013 Uhrzeit der Serveranfrage.<\/span><\/p>\n                    <p><span style=\"font-size: 12pt; font-family: &quot;Times New Roman&quot;, serif; color: rgb(51, 51, 51);\">Diese Daten sind f\u00fcr die Kanzlei nicht bestimmten Personen zuordenbar. Eine Zusammenf\u00fchrung dieser Daten mit anderen Datenquellen wird nicht vorgenommen, die Daten werden zudem nach einer statistischen Auswertung gel\u00f6scht.<\/span><\/p>\n                    <p><strong style=\"font-size: 12pt; font-family: &quot;Times New Roman&quot;, serif; color: rgb(51, 51, 51);\">2. Cookies<\/strong><span style=\"font-size: 12pt; font-family: &quot;Times New Roman&quot;, serif;\"> <\/span><span style=\"font-size: 12pt; font-family: &quot;Times New Roman&quot;, serif; color: rgb(51, 51, 51);\">Die Internetseiten verwenden an mehreren Stellen so genannte Cookies. Sie dienen dazu, unser Angebot nutzerfreundlicher, effektiver und sicherer zu machen. Cookies sind kleine Textdateien, die auf Ihrem Rechner abgelegt werden und die Ihr Browser speichert. Die meisten der von uns verwendeten Cookies sind so genannte \u201eSession-Cookies\u201c. Sie werden nach Ende Ihres Besuchs automatisch gel\u00f6scht. Cookies richten auf Ihrem Rechner keinen Schaden an und enthalten keine Viren.<\/span><\/p>\n                    <p><strong style=\"font-size: 12pt; font-family: &quot;Times New Roman&quot;, serif; color: rgb(51, 51, 51);\">3. Newsletter<\/strong><span style=\"font-size: 12pt; font-family: &quot;Times New Roman&quot;, serif;\"> <\/span><span style=\"font-size: 12pt; font-family: &quot;Times New Roman&quot;, serif; color: rgb(51, 51, 51);\">Wenn Sie unseren Newsletter empfangen m\u00f6chten, ben\u00f6tigen wir von Ihnen eine valide Email-Adresse sowie Informationen, die uns die \u00dcberpr\u00fcfung gestatten, dass Sie der Inhaber der angegebenen Email-Adresse sind bzw. deren Inhaber mit dem Empfang des Newsletters einverstanden ist. Weitere Daten werden nicht erhoben.<\/span>\n                      <span\n                        style=\"font-size: 12pt; font-family: &quot;Times New Roman&quot;, serif;\"> <\/span><span style=\"font-size: 12pt; font-family: &quot;Times New Roman&quot;, serif; color: rgb(51, 51, 51);\">Ihre Einwilligung zur Speicherung der Daten, der Email-Adresse sowie deren Nutzung zum Versand des Newsletters k\u00f6nnen Sie jederzeit widerrufen.<\/span><\/p>\n                    <p><strong style=\"font-size: 12pt; font-family: &quot;Times New Roman&quot;, serif; color: rgb(51, 51, 51);\">4. Auskunftsrecht<\/strong><span style=\"font-size: 12pt; font-family: &quot;Times New Roman&quot;, serif;\"> <\/span><span style=\"font-size: 12pt; font-family: &quot;Times New Roman&quot;, serif; color: rgb(51, 51, 51);\">Sie haben jederzeit das Recht auf Auskunft \u00fcber die bez\u00fcglich Ihrer Person gespeicherten Daten, deren Herkunft und Empf\u00e4nger sowie den Zweck der Datenverarbeitung. Auskunft \u00fcber die gespeicherten Daten gibt der Datenschutzbeauftragte Herr Rechtsanwalt Luke.<\/span><\/p>\n                    <p><strong style=\"font-size: 12pt; font-family: &quot;Times New Roman&quot;, serif; color: rgb(51, 51, 51);\">5. Weitere Informationen<\/strong><span style=\"font-size: 12pt; font-family: &quot;Times New Roman&quot;, serif;\"> <\/span>\n                      <span\n                        style=\"font-size: 12pt; font-family: &quot;Times New Roman&quot;, serif; color: rgb(51, 51, 51);\">Ihr Vertrauen ist uns wichtig. Daher m\u00f6chten wir Ihnen jederzeit Rede und Antwort bez\u00fcglich der Verarbeitung Ihrer personenbezogenen Daten stehen. Wenn Sie Fragen haben, die Ihnen diese Datenschutzerkl\u00e4rung nicht beantworten konnte\n                        oder wenn Sie zu einem Punkt vertiefte Informationen w\u00fcnschen, wenden Sie sich bitte jederzeit an den Datenschutzbeauftragte<\/span>\n                    <\/p>\n                  <\/div>\n                <\/div>\n              <\/div>\n            <\/div>\n          <\/div>\n          <div class=\"h-column h-column-container d-flex h-col-lg-auto h-col-md-auto h-col-auto style-491-outer style-local-593-c9-outer\">\n            <div data-colibri-id=\"593-c9\" class=\"d-flex h-flex-basis h-column__inner h-ui-empty-state-container h-px-lg-2 h-px-md-2 h-px-2 v-inner-lg-2 v-inner-md-2 v-inner-2 style-491 style-local-593-c9 position-relative\">\n              <!---->\n              <!---->\n              <div class=\"w-100 h-y-container h-column__content h-column__v-align flex-basis-100\">\n                <!---->\n              <\/div>\n            <\/div>\n          <\/div>\n        <\/div>\n      <\/div>\n    <\/div>\n  <\/div>\n  <div data-colibri-component=\"section\" data-colibri-id=\"593-c10\" id=\"reusable-sections\" class=\"h-section h-section-global-spacing d-flex align-items-lg-end align-items-md-end align-items-end style-457 style-local-593-c10 position-relative\">\n    <!---->\n    <!---->\n    <div class=\"h-section-grid-container h-section-boxed-container\">\n      <!---->\n      <div data-colibri-id=\"593-c11\" class=\"h-row-container gutters-row-lg-2 gutters-row-md-2 gutters-row-0 gutters-row-v-lg-2 gutters-row-v-md-2 gutters-row-v-2 style-458 style-local-593-c11 position-relative\">\n        <!---->\n        <div class=\"h-row justify-content-lg-center justify-content-md-center justify-content-center align-items-lg-stretch align-items-md-stretch align-items-stretch gutters-col-lg-2 gutters-col-md-2 gutters-col-0 gutters-col-v-lg-2 gutters-col-v-md-2 gutters-col-v-2\">\n          <!---->\n          <div class=\"h-column h-column-container d-flex h-col-lg-auto h-col-md-auto h-col-auto style-459-outer style-local-593-c12-outer\">\n            <div data-colibri-id=\"593-c12\" class=\"d-flex h-flex-basis h-column__inner h-px-lg-2 h-px-md-2 h-px-2 v-inner-lg-2 v-inner-md-2 v-inner-2 style-459 style-local-593-c12 position-relative\">\n              <!---->\n              <!---->\n              <div class=\"w-100 h-y-container h-column__content h-column__v-align flex-basis-100 align-self-lg-start align-self-md-start align-self-start\">\n                <!---->\n                <div data-colibri-component=\"dropdown-menu\" role=\"navigation\" h-use-smooth-scroll-all=\"true\" data-colibri-id=\"593-c13\" class=\"h-menu h-global-transition-all h-ignore-global-body-typography has-offcanvas-mobile h-menu-horizontal h-dropdown-menu style-460 style-local-593-c13 position-relative h-element\">\n                  <!---->\n                  <div class=\"h-global-transition-all h-main-menu\"><div class=\"colibri-menu-container\"><ul id=\"menu-footer-menue\" class=\"colibri-menu none \"><li id=\"menu-item-595\" class=\"menu-item menu-item-type-post_type menu-item-object-page menu-item-595\"><a href=\"https:\/\/kanzlei-luke.de\/?page_id=593\">Impressum<\/a><\/li>\n<\/ul><\/div><\/div>\n                  <div data-colibri-id=\"593-c14\" class=\"h-mobile-menu h-global-transition-disable style-461 style-local-593-c14 position-relative h-element\">\n                    <!---->\n                    <a data-click-outside=\"true\" data-target=\"#offcanvas-wrapper-593-c14\" data-target-id=\"offcanvas-wrapper-593-c14\" data-offcanvas-overlay-id=\"offcanvas-overlay-593-c14\" href=\"#\" data-colibri-component=\"offcanvas\" data-direction=\"right\"\n                      data-push=\"false\" title=\"Menu\" class=\"h-hamburger-button\">\n                      <div class=\"icon-container h-hamburger-icon\">\n                        <div class=\"h-icon-svg\" style=\"width: 100%; height: 100%;\">\n                          <!--Icon by Font Awesome (https:\/\/fontawesome.com)-->\n                          <svg version=\"1.1\" xmlns=\"http:\/\/www.w3.org\/2000\/svg\" xmlns:xlink=\"http:\/\/www.w3.org\/1999\/xlink\" id=\"bars\" viewBox=\"0 0 1536 1896.0833\">\n                            <path d=\"M1536 1344v128q0 26-19 45t-45 19H64q-26 0-45-19t-19-45v-128q0-26 19-45t45-19h1408q26 0 45 19t19 45zm0-512v128q0 26-19 45t-45 19H64q-26 0-45-19T0 960V832q0-26 19-45t45-19h1408q26 0 45 19t19 45zm0-512v128q0 26-19 45t-45 19H64q-26 0-45-19T0 448V320q0-26 19-45t45-19h1408q26 0 45 19t19 45z\"><\/path>\n                          <\/svg>\n                        <\/div>\n                      <\/div>\n                    <\/a>\n                    <div id=\"offcanvas-wrapper-593-c14\" class=\"h-offcanvas-panel offcanvas offcanvas-right hide force-hide style-461-offscreen style-local-593-c14-offscreen\">\n                      <div data-colibri-id=\"593-c15\" class=\"d-flex flex-column h-offscreen-panel style-462 style-local-593-c15 position-relative h-element\">\n                        <!---->\n                        <div class=\"offscreen-header h-ui-empty-state-container\">\n                          <div data-colibri-id=\"593-c17\" class=\"h-row-container gutters-row-lg-0 gutters-row-md-0 gutters-row-0 gutters-row-v-lg-0 gutters-row-v-md-0 gutters-row-v-0 style-464 style-local-593-c17 position-relative\">\n                            <!---->\n                            <div class=\"h-row justify-content-lg-center justify-content-md-center justify-content-center align-items-lg-stretch align-items-md-stretch align-items-stretch gutters-col-lg-0 gutters-col-md-0 gutters-col-0 gutters-col-v-lg-0 gutters-col-v-md-0 gutters-col-v-0\">\n                              <!---->\n                              <div class=\"h-column h-column-container d-flex h-col-lg h-col-md h-col-auto style-465-outer style-local-593-c18-outer\">\n                                <div data-colibri-id=\"593-c18\" class=\"d-flex h-flex-basis h-column__inner h-px-lg-2 h-px-md-2 h-px-2 v-inner-lg-2 v-inner-md-2 v-inner-2 style-465 style-local-593-c18 position-relative\">\n                                  <!---->\n                                  <!---->\n                                  <div class=\"w-100 h-y-container h-column__content h-column__v-align flex-basis-100 align-self-lg-start align-self-md-start align-self-start\">\n                                    <!---->\n                                    <div data-colibri-id=\"593-c19\" class=\"d-flex align-items-center text-lg-center text-md-center text-center justify-content-lg-center justify-content-md-center justify-content-center style-466 style-local-593-c19 position-relative h-element\">\n                                      <!---->\n                                      <a rel=\"home\" href=\"https:\/\/kanzlei-luke.de\/\" h-use-smooth-scroll=\"true\" class=\"d-flex align-items-center\">\n                                        <img decoding=\"async\" src=\"https:\/\/kanzlei-luke.de\/wp-content\/uploads\/2021\/11\/cropped-cropped-PDF-Logo.jpg\" class=\"h-logo__image h-logo__image_h logo-image style-466-image style-local-593-c19-image\" alt=\"\" \/>\n                                        <img decoding=\"async\" src=\"https:\/\/kanzlei-luke.de\/wp-content\/uploads\/2021\/11\/cropped-PDF-Logo.jpg\" class=\"h-logo__alt-image h-logo__alt-image_h logo-alt-image style-466-image style-local-593-c19-image\" alt=\"\" \/>\n                                      <\/a>\n                                    <\/div>\n                                  <\/div>\n                                <\/div>\n                              <\/div>\n                            <\/div>\n                          <\/div>\n                        <\/div>\n                        <div class=\"offscreen-content\">\n                          <!---->\n                          <div data-colibri-component=\"accordion-menu\" role=\"navigation\" h-use-smooth-scroll-all=\"true\" data-colibri-id=\"593-c16\" class=\"h-menu h-global-transition-all h-ignore-global-body-typography h-mobile-menu h-menu-accordion style-463 style-local-593-c16 position-relative h-element\">\n                            <!---->\n                            <div class=\"h-global-transition-all h-mobile-menu\"><div class=\"colibri-menu-container\"><ul id=\"menu-footer-menue-1\" class=\"colibri-menu none \"><li class=\"menu-item menu-item-type-post_type menu-item-object-page menu-item-595\"><a href=\"https:\/\/kanzlei-luke.de\/?page_id=593\">Impressum<\/a><\/li>\n<\/ul><\/div><\/div>\n                          <\/div>\n                        <\/div>\n                        <div class=\"offscreen-footer h-ui-empty-state-container\">\n                          <div data-colibri-id=\"593-c20\" class=\"h-row-container gutters-row-lg-0 gutters-row-md-0 gutters-row-0 gutters-row-v-lg-0 gutters-row-v-md-0 gutters-row-v-0 style-467 style-local-593-c20 position-relative\">\n                            <!---->\n                            <div class=\"h-row justify-content-lg-center justify-content-md-center justify-content-center align-items-lg-stretch align-items-md-stretch align-items-stretch gutters-col-lg-0 gutters-col-md-0 gutters-col-0 gutters-col-v-lg-0 gutters-col-v-md-0 gutters-col-v-0\">\n                              <!---->\n                              <div class=\"h-column h-column-container d-flex h-col-lg h-col-md h-col-auto style-468-outer style-local-593-c21-outer\">\n                                <div data-colibri-id=\"593-c21\" class=\"d-flex h-flex-basis h-column__inner h-px-lg-2 h-px-md-2 h-px-2 v-inner-lg-2 v-inner-md-2 v-inner-2 style-468 style-local-593-c21 position-relative\">\n                                  <!---->\n                                  <!---->\n                                  <div class=\"w-100 h-y-container h-column__content h-column__v-align flex-basis-100 align-self-lg-start align-self-md-start align-self-start\">\n                                    <!---->\n                                    <div data-colibri-id=\"593-c22\" class=\"h-text h-text-component style-469 style-local-593-c22 position-relative h-element\">\n                                      <!---->\n                                      <!---->\n                                      <div class=\"\">\n                                        <p>\u00a9 2021<\/p>\n                                      <\/div>\n                                    <\/div>\n                                  <\/div>\n                                <\/div>\n                              <\/div>\n                            <\/div>\n                          <\/div>\n                        <\/div>\n                      <\/div>\n                    <\/div>\n                    <div id=\"offcanvas-overlay-593-c14\" class=\"offscreen-overlay style-461-offscreenOverlay style-local-593-c14-offscreenOverlay\"><\/div>\n                  <\/div>\n                <\/div>\n              <\/div>\n            <\/div>\n          <\/div>\n        <\/div>\n      <\/div>\n    <\/div>\n  <\/div>\n<\/div>","protected":false},"excerpt":{"rendered":"<p>Impressum Kanzlei LUKE Haferkornstra\u00dfe 46 04129 Leipzig Telefon: +49 341 49 25 54 70 E-Mail: office@kanzlei-luke.de Verantwortlich f\u00fcr die Inhalte dieser Internetpr\u00e4senz: Rechtsanwalt Dr. Jaochim Luke Verantwortlich f\u00fcr Weblayout: Nadin Jordan-Luke Bilder: Maurice Lohrke| www.iamslenium.com AdobeStock lizensiert Mitglied der Anwaltsoziet\u00e4t: Dr. Joachim Luke, Rechtsanwalt Berufsbezeichnung: Die berufsbezeichnung &#8222;Rechtsanwalt&#8220; wurde in der Bundesrepubli Deutschland gem\u00e4\u00df \u00a7 [&hellip;]<\/p>\n","protected":false},"author":1,"featured_media":0,"parent":0,"menu_order":0,"comment_status":"closed","ping_status":"closed","template":"page-templates\/full-width-page.php","meta":{"footnotes":""},"class_list":["post-593","page","type-page","status-publish","hentry"],"_links":{"self":[{"href":"https:\/\/kanzlei-luke.de\/index.php?rest_route=\/wp\/v2\/pages\/593","targetHints":{"allow":["GET"]}}],"collection":[{"href":"https:\/\/kanzlei-luke.de\/index.php?rest_route=\/wp\/v2\/pages"}],"about":[{"href":"https:\/\/kanzlei-luke.de\/index.php?rest_route=\/wp\/v2\/types\/page"}],"author":[{"embeddable":true,"href":"https:\/\/kanzlei-luke.de\/index.php?rest_route=\/wp\/v2\/users\/1"}],"replies":[{"embeddable":true,"href":"https:\/\/kanzlei-luke.de\/index.php?rest_route=%2Fwp%2Fv2%2Fcomments&post=593"}],"version-history":[{"count":7,"href":"https:\/\/kanzlei-luke.de\/index.php?rest_route=\/wp\/v2\/pages\/593\/revisions"}],"predecessor-version":[{"id":990,"href":"https:\/\/kanzlei-luke.de\/index.php?rest_route=\/wp\/v2\/pages\/593\/revisions\/990"}],"wp:attachment":[{"href":"https:\/\/kanzlei-luke.de\/index.php?rest_route=%2Fwp%2Fv2%2Fmedia&parent=593"}],"curies":[{"name":"wp","href":"https:\/\/api.w.org\/{rel}","templated":true}]}}